{"id":6524,"date":"2025-05-21T16:45:30","date_gmt":"2025-05-21T14:45:30","guid":{"rendered":"https:\/\/hotel-dorsay.com\/informacion-legal\/"},"modified":"2025-05-21T17:12:19","modified_gmt":"2025-05-21T15:12:19","slug":"informacion-legal","status":"publish","type":"page","link":"https:\/\/hotel-dorsay.com\/es\/informacion-legal\/","title":{"rendered":"Informaci\u00f3n legal"},"content":{"rendered":"<p>&nbsp;<\/p>\n<p><strong>Informaci\u00f3n legal<\/strong><\/p>\n<ol>\n<li><strong>  Presentaci\u00f3n del sitio.<\/strong><\/li>\n<\/ol>\n<p>De conformidad con el art\u00edculo 6 de la Ley n\u00ba 2004-575, de 21 de junio de 2004, sobre la confianza en la econom\u00eda digital, se informa a los usuarios del sitio web <a href=\"https:\/\/hotel-dorsay.com\/\">https:\/\/hotel-dorsay.com\/<\/a> de la identidad de las distintas partes implicadas en su creaci\u00f3n y seguimiento:<\/p>\n<p><strong>Propietario<\/strong>: HOTEL D&#8217;ORSAY &#8211; SAS con un capital social de 1.880 euros &#8211; N\u00famero de IVA intracomunitario FR94849402029 &#8211; SIRET 849 402 029 00011 &#8211; C\u00f3digo APE 5510Z &#8211; 8 BD BONREPOS 31000 TOULOUSE<br \/>\n<strong>Creador<\/strong>: <a href=\"http:\/\/yurcom.net\/\">Yurcom<\/a><br \/>\n<strong>Director de la<\/strong> publicaci\u00f3n: HOTEL D&#8217;ORSAY &#8211; toulouse@hotel-dorsay.com<br \/>\nEl director de la publicaci\u00f3n es una persona f\u00edsica o jur\u00eddica.<br \/>\n<strong>Webmaster<\/strong>: Yurcom &#8211; production@yurcom.net<br \/>\n<strong>Anfitri\u00f3n<\/strong>: OVH &#8211; 2 rue Kellermann 59100 Roubaix &#8211; Francia<\/p>\n<ol start=\"2\">\n<li><strong>  Condiciones generales de uso del sitio y de los servicios ofrecidos.<\/strong><\/li>\n<\/ol>\n<p>El uso del sitio web <a href=\"https:\/\/hotel-dorsay.com\/\">https:\/\/hotel-dorsay.com\/<\/a> implica la plena aceptaci\u00f3n de las condiciones generales de uso que se exponen a continuaci\u00f3n. Estas condiciones de uso pueden ser modificadas o completadas en cualquier momento, por lo que se aconseja a los usuarios del sitio web <a href=\"https:\/\/hotel-dorsay.com\/\">https:\/\/hotel-dorsay.com\/<\/a> que las consulten regularmente. <\/p>\n<p>Este sitio es normalmente accesible a los usuarios en todo momento. No obstante, HOTEL D&#8217;ORSAY puede decidir interrumpir el sitio por motivos de mantenimiento t\u00e9cnico, en cuyo caso se esforzar\u00e1 por informar a los usuarios de las fechas y horas de la intervenci\u00f3n con antelaci\u00f3n. <\/p>\n<p>El sitio web <a href=\"https:\/\/hotel-dorsay.com\/\">https:\/\/hotel-dorsay.com\/<\/a> es actualizado regularmente por HOTEL D&#8217;ORSAY. Del mismo modo, las menciones legales pueden ser modificadas en cualquier momento: no obstante, son vinculantes para el usuario, al que se invita a consultarlas con la mayor frecuencia posible para leerlas. <\/p>\n<ol start=\"3\">\n<li><strong>  Descripci\u00f3n de los servicios prestados.<\/strong><\/li>\n<\/ol>\n<p>El objetivo del sitio web <a href=\"https:\/\/hotel-dorsay.com\/\">https:\/\/hotel-dorsay.com\/<\/a> es proporcionar informaci\u00f3n sobre todas las actividades de la empresa.<\/p>\n<p>HOTEL D&#8217;ORSAY se esfuerza por ofrecer en el sitio web <a href=\"https:\/\/hotel-dorsay.com\/\">https:\/\/hotel-dorsay.com\/<\/a> informaci\u00f3n lo m\u00e1s exacta posible. Sin embargo, no podr\u00e1 ser considerado responsable de las omisiones, inexactitudes o falta de actualizaci\u00f3n de dicha informaci\u00f3n, ya sea por su propia culpa o por la de terceros asociados que suministren dicha informaci\u00f3n. <\/p>\n<p>Toda la informaci\u00f3n contenida en el sitio web <a href=\"https:\/\/hotel-dorsay.com\/\">https:\/\/hotel-dorsay.com\/<\/a> se proporciona \u00fanicamente a t\u00edtulo informativo y est\u00e1 sujeta a cambios. Adem\u00e1s, la informaci\u00f3n del sitio web <a href=\"https:\/\/hotel-dorsay.com\/\">https:\/\/hotel-dorsay.com\/<\/a> no es exhaustiva. Est\u00e1 sujeta a cambios desde su puesta en l\u00ednea.  <\/p>\n<ol start=\"4\">\n<li><strong>  Limitaciones contractuales de los datos t\u00e9cnicos.<\/strong><\/li>\n<\/ol>\n<p>El sitio utiliza tecnolog\u00eda JavaScript.<\/p>\n<p>El sitio web no se hace responsable de ning\u00fan da\u00f1o material derivado del uso del sitio. Adem\u00e1s, los usuarios del sitio se comprometen a acceder a \u00e9l utilizando equipos recientes, libres de virus y con un navegador actualizado de \u00faltima generaci\u00f3n. <\/p>\n<ol start=\"5\">\n<li><strong>  Propiedad intelectual y falsificaci\u00f3n.<\/strong><\/li>\n<\/ol>\n<p>HOTEL D&#8217;ORSAY es titular de los derechos de propiedad intelectual o tiene los derechos de uso sobre todos los elementos accesibles en el sitio, en particular los textos, im\u00e1genes, gr\u00e1ficos, logotipos, iconos, sonidos y software.<\/p>\n<p>Cualquier reproducci\u00f3n, representaci\u00f3n, modificaci\u00f3n, publicaci\u00f3n, adaptaci\u00f3n de la totalidad o parte de los elementos del sitio, cualesquiera que sean los medios o procedimientos utilizados, est\u00e1 prohibida, salvo autorizaci\u00f3n previa por escrito de : HOTEL D&#8217;ORSAY.<\/p>\n<p>Cualquier uso no autorizado del sitio o de cualquiera de los elementos que contiene se considerar\u00e1 constitutivo de infracci\u00f3n y ser\u00e1 perseguido de conformidad con las disposiciones de los art\u00edculos L.335-2 y siguientes del C\u00f3digo franc\u00e9s de la Propiedad Intelectual.<\/p>\n<ol start=\"6\">\n<li><strong>  Limitaci\u00f3n de responsabilidad.<\/strong><\/li>\n<\/ol>\n<p>HOTEL D&#8217;ORSAY no se hace responsable de los da\u00f1os directos o indirectos causados en el equipo del usuario al acceder al sitio web https:\/\/hotel-dorsay.com\/, derivados bien del uso de un equipo que no cumpla las especificaciones indicadas en el punto 4, bien de la aparici\u00f3n de un error o incompatibilidad.<\/p>\n<p>HOTEL D&#8217;ORSAY no ser\u00e1 responsable de ning\u00fan da\u00f1o indirecto (como la p\u00e9rdida de negocio o la p\u00e9rdida de oportunidades) derivado del uso del sitio web <a href=\"https:\/\/hotel-dorsay.com\/\">https:\/\/hotel-dorsay.com\/<\/a>.<\/p>\n<p>Los usuarios tienen a su disposici\u00f3n zonas interactivas (posibilidad de hacer preguntas en la zona de contacto). HOTEL D \u201cORSAY se reserva el derecho a eliminar, sin previo aviso, cualquier contenido publicado en este espacio que contravenga la legislaci\u00f3n aplicable en Francia, en particular las disposiciones relativas a la protecci\u00f3n de datos. En su caso, HOTEL D\u201d ORSAY tambi\u00e9n se reserva el derecho de exigir responsabilidades civiles y\/o penales al usuario, especialmente en caso de mensajes de car\u00e1cter racista, insultante, difamatorio o pornogr\u00e1fico, independientemente del soporte utilizado (texto, fotograf\u00edas, etc.).  <\/p>\n<ol start=\"7\">\n<li><strong>  Gesti\u00f3n de datos personales.<\/strong><\/li>\n<\/ol>\n<p>En Francia, los datos personales est\u00e1n protegidos por la ley n\u00ba 78-87 de 6 de enero de 1978, la ley n\u00ba 2004-801 de 6 de agosto de 2004, el art\u00edculo L. 226-13 del C\u00f3digo Penal y la Directiva Europea de 24 de octubre de 1995.<\/p>\n<p>Al utilizar el sitio web <a href=\"https:\/\/hotel-dorsay.com\/\">https:\/\/hotel-dorsay.com\/<\/a>, se puede recopilar la siguiente informaci\u00f3n: la URL de los enlaces a trav\u00e9s de los cuales el usuario ha accedido al sitio web <a href=\"https:\/\/hotel-dorsay.com\/\">https:\/\/hotel-dorsay.com\/,<\/a> el proveedor de acceso del usuario, la direcci\u00f3n del Protocolo de Internet (IP) del usuario.<\/p>\n<p>En cualquier caso, HOTEL D&#8217;ORSAY s\u00f3lo recoge informaci\u00f3n personal relativa al usuario a efectos de determinados servicios ofrecidos por el sitio web <a href=\"https:\/\/hotel-dorsay.com\/\">https:\/\/hotel-dorsay.com\/.<\/a> Los usuarios facilitan esta informaci\u00f3n con pleno conocimiento de causa, especialmente cuando la introducen ellos mismos. A continuaci\u00f3n, se informa a los usuarios del sitio web <a href=\"https:\/\/hotel-dorsay.com\/\">https:\/\/hotel-dorsay.com\/<\/a> de si est\u00e1n obligados o no a facilitar esta informaci\u00f3n.  <\/p>\n<p>De conformidad con las disposiciones de los art\u00edculos 38 y siguientes de la Ley 78-17 de 6 de enero de 1978 relativa a la inform\u00e1tica, a los ficheros y a las libertades, todo usuario dispone de un derecho de acceso, de rectificaci\u00f3n y de oposici\u00f3n a los datos de car\u00e1cter personal que le conciernan, enviando una solicitud escrita y firmada, acompa\u00f1ada de una copia del documento de identidad con la firma del portador del documento, precisando la direcci\u00f3n a la que debe enviarse la respuesta.<\/p>\n<p>Ning\u00fan dato personal del usuario del sitio <a href=\"https:\/\/hotel-dorsay.com\/\">https:\/\/hotel-dorsay.com\/<\/a> se publica sin su conocimiento, intercambia, transfiere, cede o vende por ning\u00fan medio a terceros. \u00danicamente la asunci\u00f3n de la compra de HOTEL D&#8217;ORSAY y sus derechos permitir\u00eda la transmisi\u00f3n de dicha informaci\u00f3n al eventual comprador, quien a su vez estar\u00eda sujeto a la misma obligaci\u00f3n de conservaci\u00f3n y modificaci\u00f3n de los datos respecto al usuario del sitio <a href=\"https:\/\/hotel-dorsay.com\/\">https:\/\/hotel-dorsay.com\/.<\/a> <\/p>\n<p>El sitio no ha sido declarado a la CNIL, ya que no recoge informaci\u00f3n personal.<\/p>\n<p>Las bases de datos est\u00e1n protegidas por las disposiciones de la Ley de 1 de julio de 1998 que transpone la Directiva 96\/9 de 11 de marzo de 1996 sobre la protecci\u00f3n jur\u00eddica de las bases de datos.<\/p>\n<ol start=\"8\">\n<li><strong>  Enlaces de hipertexto y cookies.<\/strong><\/li>\n<\/ol>\n<p>El sitio <a href=\"https:\/\/hotel-dorsay.com\/\">https:\/\/hotel-dorsay.com\/<\/a> contiene una serie de enlaces de hipertexto a otros sitios, establecidos con la autorizaci\u00f3n de HOTEL D \u201cORSAY. Sin embargo, HOTEL D\u201d ORSAY no puede controlar el contenido de los sitios visitados de este modo y, por consiguiente, no asume ninguna responsabilidad al respecto. <\/p>\n<p>La navegaci\u00f3n por el sitio web <a href=\"https:\/\/hotel-dorsay.com\/\">https:\/\/hotel-dorsay.com\/<\/a> puede provocar la instalaci\u00f3n de cookies en el ordenador del usuario. Una cookie es un peque\u00f1o archivo que no permite identificar al usuario, pero que registra informaci\u00f3n relativa a la navegaci\u00f3n de un ordenador en un sitio. Los datos obtenidos de este modo est\u00e1n destinados a facilitar la navegaci\u00f3n posterior por el sitio y tambi\u00e9n se utilizan para medir el n\u00famero de visitantes.  <\/p>\n<p>Rechazar la instalaci\u00f3n de una cookie puede imposibilitar el acceso a determinados servicios. Sin embargo, los usuarios pueden configurar su ordenador de la siguiente manera para rechazar la instalaci\u00f3n de cookies: <\/p>\n<p>En Internet Explorer: pesta\u00f1a Herramientas (icono en forma de rueda arriba a la derecha) \/ Opciones de Internet. Haz clic en Confidencialidad y elige Bloquear todas las cookies. Confirma con Ok.  <\/p>\n<p>En Firefox: en la parte superior de la ventana del navegador, haz clic en el bot\u00f3n Firefox, luego ve a la pesta\u00f1a Opciones. Haz clic en la pesta\u00f1a Privacidad.<br \/>\nEstablece las Reglas de retenci\u00f3n en: utilizar una configuraci\u00f3n personalizada para el historial. Por \u00faltimo, desmarca para desactivar las cookies.  <\/p>\n<p>En Safari: haz clic en el icono de men\u00fa (simbolizado por una rueda dentada) situado en la parte superior derecha del navegador. Selecciona Ajustes. Haz clic en Mostrar ajustes avanzados. En la secci\u00f3n \u201cConfidencialidad\u201d, haz clic en Configuraci\u00f3n de contenido. En la secci\u00f3n \u201cCookies\u201d, puedes bloquear las cookies.    <\/p>\n<p>En Chrome: haz clic en el icono de men\u00fa (simbolizado por tres l\u00edneas horizontales) situado en la parte superior derecha del navegador. Selecciona Configuraci\u00f3n. Haz clic en Mostrar configuraci\u00f3n avanzada. En la secci\u00f3n \u201cConfidencialidad\u201d, haz clic en Preferencias. En la pesta\u00f1a \u201cConfidencialidad\u201d, puedes bloquear las cookies.    <\/p>\n<ol start=\"9\">\n<li><strong>  Ley aplicable y jurisdicci\u00f3n.<\/strong><\/li>\n<\/ol>\n<p>Cualquier litigio relacionado con el uso del sitio web <a href=\"https:\/\/hotel-dorsay.com\/\">https:\/\/hotel-dorsay.com\/<\/a> est\u00e1 sujeto a la legislaci\u00f3n francesa. Los tribunales competentes de Par\u00eds tienen jurisdicci\u00f3n exclusiva. <\/p>\n<ol start=\"10\">\n<li><strong>  Las principales leyes afectadas.<\/strong><\/li>\n<\/ol>\n<p>Ley n\u00ba 78-17 de 6 de enero de 1978, modificada por la Ley n\u00ba 2004-801 de 6 de agosto de 2004 relativa a la inform\u00e1tica, los ficheros y las libertades.<\/p>\n<p>Ley n\u00ba 2004-575 de 21 de junio de 2004 sobre la confianza en la econom\u00eda digital.<\/p>\n<ol start=\"11\">\n<li><strong>  Glosario.<\/strong><\/li>\n<\/ol>\n<p>Usuario: Usuario de Internet que se conecta y utiliza el sitio mencionado.<\/p>\n<p>Informaci\u00f3n personal: \u201cinformaci\u00f3n que permite, en cualquier forma, directa o indirectamente, la identificaci\u00f3n de las personas f\u00edsicas a las que se aplica\u201d (art\u00edculo 4 de la ley n\u00ba 78-17 de 6 de enero de 1978).<\/p>\n<p>&nbsp;<\/p>\n<p><strong>AP\u00c9NDICE 1 &#8211; Lista de fotograf\u00edas y v\u00eddeos y sus autores<\/strong><\/p>\n<p><u>Fotograf\u00edas <strong>del Sr. Dominique VIET<\/strong>, fot\u00f3grafo profesional inscrito en el Registro Mercantil con el n\u00famero 325 704 807:<\/u><\/p>\n<p>VIET_002524_A4 Airbus SAS<\/p>\n<p>VIET_002617_A4 Palmera del convento de los Jacobinos<\/p>\n<p>VIET_002882_A4 Ribera del Garona<\/p>\n<p>VIET_004931_A4 Canal du Midi<\/p>\n<p>VIET_004935_A4 Canal del Midi<\/p>\n<p>VIET_005752_A4 Vista a\u00e9rea de la Plaza del Capitolio<\/p>\n<p>VIET_006137_A4 Vista a\u00e9rea de la bas\u00edlica de Saint-Sernin<\/p>\n<p>VIET_006143_A4 Vista a\u00e9rea de Toulouse (Capitolio y convento de los Jacobinos)<\/p>\n<p>VIET_006967_A4 Hotel de Ass\u00e9zat<\/p>\n<p>VIET_006980_A4 Fachadas del barrio de Dalbade<\/p>\n<p>VIET_007089_A4 Plaza del Capitolio<\/p>\n<p>VIET_007881_A4 Bas\u00edlica de Saint-Sernin y tren tur\u00edstico<\/p>\n<p>VIET_007916_A4 El Garona (vista de La Grave y la noria)<\/p>\n<p>VIET_008064_A4 Museo Aeroscopia<\/p>\n<p>VIET_008081_A4 Quai des Savoirs<\/p>\n<p>VIET_008082_A4 Lugar Salengro<\/p>\n<p>VIET_008095_A4 Mercado ecol\u00f3gico en la Place du Capitole<\/p>\n<p>VIET_008115_A4 Bas\u00edlica de Saint-Sernin<\/p>\n<p>VIET_008176_A4 Puerto de la Daurade<\/p>\n<p>VIET_008198_A4 Vista del Puerto de la Daurade<\/p>\n<p>VIET_008203_A4 Ribera del Garona<\/p>\n<p>VIET_008235_A4 Calle Croix-Baragnon (Catedral Saint-\u00c9tienne)<\/p>\n<p>VIET_008242_A4 Degustaci\u00f3n en el mercado (visita guiada: \u201cLa balade gourmande\u201d)<\/p>\n<p>VIET_008309_A4 Ribera del Garona<\/p>\n<p>&nbsp;<\/p>\n<p><u>Fotograf\u00edas de <strong>Patrice NIN<\/strong> (Mairie de Toulouse \/ Toulouse M\u00e9tropole) :<\/u><\/p>\n<p>&#8211; Ast\u00e9rion Halle de la Machine Pont neuf<\/p>\n<p>&#8211; Ast\u00e9rion Halle de la Machine Capitole<\/p>\n<p>&#8211; Convento de los Jacobinos<\/p>\n<p>&#8211; La guinguette del Quai de Tounis<\/p>\n<p>&#8211; Exposici\u00f3n Ma\u00f1ana Humano<\/p>\n<p>&#8211; Copa Garona<\/p>\n<p>&#8211; Convento de los Jacobinos<\/p>\n<p>&#8211; Vista a\u00e9rea del Capitolio<\/p>\n<p>&#8211; Claustro del convento de los Jacobinos (Transat)<\/p>\n<p>&#8211; D\u00f4me de la Grave (Puente Saint Pierre)<\/p>\n<p>&#8211; Halle aux grains (Noche)<\/p>\n<p>&#8211; Halle aux grains (D\u00eda)<\/p>\n<p>&#8211; Pradera de los Filtros (Puente Nuevo)<\/p>\n<p>&#8211; Plaza del Capitolio<\/p>\n<p>&#8211; El estadio<\/p>\n<p>&#8211; El estadio (Fuegos artificiales)<\/p>\n<p>&#8211; El Garona de noche (Fuegos artificiales)<\/p>\n<p>&#8211; Convento de los Jacobinos (terraza)<\/p>\n<p>&nbsp;<\/p>\n<p><u>Fotograf\u00edas de <strong>Emilie EYCHENNE<\/strong>, fot\u00f3grafa profesional inscrita en el Registro Mercantil con el n\u00famero 521 744 516:<\/u><\/p>\n<p>&nbsp;<\/p>\n<p>HalleM\u00e1quinas-29<\/p>\n<p>HalleM\u00e1quinas-28<\/p>\n<p>citadoel&#8217;Espace-21<\/p>\n<p>citadoel&#8217;Espace-15<\/p>\n<p>Velocanal-1<\/p>\n<p>VictorHugo-13<\/p>\n<p>Capitole-10<\/p>\n<p>Filatiers-10<\/p>\n<p>RaymondVI-33<\/p>\n<p>Kayak-9<\/p>\n<p>Toulouse-Daurade-Quais-12<\/p>\n<p>Toulouse-Daurade-Pecheursdesable-8<\/p>\n<p>Toulouse-Daurade-Pecheursdesable-1<\/p>\n<p>&nbsp;<\/p>\n<p>Defensor del consumidor<\/p>\n<p>M\u00e9diation Tourisme et Voyage BP 80 303 75 823 Par\u00eds Cedex 17 Sitio web: www.mtv.travel<\/p>\n<p>&nbsp;<\/p>\n","protected":false},"excerpt":{"rendered":"<p>&nbsp; Informaci\u00f3n legal Presentaci\u00f3n del sitio. De conformidad con el art\u00edculo 6 de la Ley n\u00ba 2004-575, de 21 de [&hellip;]<\/p>\n","protected":false},"author":2,"featured_media":0,"parent":0,"menu_order":0,"comment_status":"closed","ping_status":"closed","template":"","meta":{"site-sidebar-layout":"default","site-content-layout":"","ast-site-content-layout":"default","site-content-style":"default","site-sidebar-style":"default","ast-global-header-display":"","ast-banner-title-visibility":"","ast-main-header-display":"","ast-hfb-above-header-display":"","ast-hfb-below-header-display":"","ast-hfb-mobile-header-display":"","site-post-title":"","ast-breadcrumbs-content":"","ast-featured-img":"","footer-sml-layout":"","ast-disable-related-posts":"","theme-transparent-header-meta":"default","adv-header-id-meta":"","stick-header-meta":"default","header-above-stick-meta":"","header-main-stick-meta":"","header-below-stick-meta":"","astra-migrate-meta-layouts":"default","ast-page-background-enabled":"default","ast-page-background-meta":{"desktop":{"background-color":"var(--ast-global-color-5)","background-image":"","background-repeat":"repeat","background-position":"center center","background-size":"auto","background-attachment":"scroll","background-type":"","background-media":"","overlay-type":"","overlay-color":"","overlay-opacity":"","overlay-gradient":""},"tablet":{"background-color":"","background-image":"","background-repeat":"repeat","background-position":"center center","background-size":"auto","background-attachment":"scroll","background-type":"","background-media":"","overlay-type":"","overlay-color":"","overlay-opacity":"","overlay-gradient":""},"mobile":{"background-color":"","background-image":"","background-repeat":"repeat","background-position":"center center","background-size":"auto","background-attachment":"scroll","background-type":"","background-media":"","overlay-type":"","overlay-color":"","overlay-opacity":"","overlay-gradient":""}},"ast-content-background-meta":{"desktop":{"background-color":"var(--ast-global-color-4)","background-image":"","background-repeat":"repeat","background-position":"center center","background-size":"auto","background-attachment":"scroll","background-type":"","background-media":"","overlay-type":"","overlay-color":"","overlay-opacity":"","overlay-gradient":""},"tablet":{"background-color":"var(--ast-global-color-4)","background-image":"","background-repeat":"repeat","background-position":"center center","background-size":"auto","background-attachment":"scroll","background-type":"","background-media":"","overlay-type":"","overlay-color":"","overlay-opacity":"","overlay-gradient":""},"mobile":{"background-color":"var(--ast-global-color-4)","background-image":"","background-repeat":"repeat","background-position":"center center","background-size":"auto","background-attachment":"scroll","background-type":"","background-media":"","overlay-type":"","overlay-color":"","overlay-opacity":"","overlay-gradient":""}},"footnotes":""},"class_list":["post-6524","page","type-page","status-publish","hentry"],"yoast_head":"<!-- This site is optimized with the Yoast SEO plugin v27.2 - https:\/\/yoast.com\/product\/yoast-seo-wordpress\/ -->\n<title>Informaci\u00f3n legal - Hotel d&#039;Orsay<\/title>\n<meta name=\"description\" content=\"Convenientemente situado en el centro de Toulouse, a dos pasos de la estaci\u00f3n de Matabiau, el Hotel d&#039;Orsay acoge a sus hu\u00e9spedes desde 1981.\" \/>\n<meta name=\"robots\" content=\"noindex, nofollow\" \/>\n<meta property=\"og:locale\" content=\"es_ES\" \/>\n<meta property=\"og:type\" content=\"article\" \/>\n<meta property=\"og:title\" content=\"Informaci\u00f3n legal - Hotel d&#039;Orsay\" \/>\n<meta property=\"og:description\" content=\"Convenientemente situado en el centro de Toulouse, a dos pasos de la estaci\u00f3n de Matabiau, el Hotel d&#039;Orsay acoge a sus hu\u00e9spedes desde 1981.\" \/>\n<meta property=\"og:url\" content=\"https:\/\/hotel-dorsay.com\/mentions-legales\/\" \/>\n<meta property=\"og:site_name\" content=\"H\u00f4tel d&#039;Orsay\" \/>\n<meta property=\"article:modified_time\" content=\"2025-05-21T15:12:19+00:00\" \/>\n<meta name=\"twitter:card\" content=\"summary_large_image\" \/>\n<meta name=\"twitter:label1\" content=\"Tiempo de lectura\" \/>\n\t<meta name=\"twitter:data1\" content=\"10 minutos\" \/>\n<script type=\"application\/ld+json\" class=\"yoast-schema-graph\">{\"@context\":\"https:\/\/schema.org\",\"@graph\":[{\"@type\":\"WebPage\",\"@id\":\"https:\/\/hotel-dorsay.com\/mentions-legales\/\",\"url\":\"https:\/\/hotel-dorsay.com\/mentions-legales\/\",\"name\":\"Informaci\u00f3n legal - Hotel d'Orsay\",\"isPartOf\":{\"@id\":\"https:\/\/hotel-dorsay.com\/#website\"},\"datePublished\":\"2025-05-21T14:45:30+00:00\",\"dateModified\":\"2025-05-21T15:12:19+00:00\",\"description\":\"Convenientemente situado en el centro de Toulouse, a dos pasos de la estaci\u00f3n de Matabiau, el Hotel d'Orsay acoge a sus hu\u00e9spedes desde 1981.\",\"breadcrumb\":{\"@id\":\"https:\/\/hotel-dorsay.com\/mentions-legales\/#breadcrumb\"},\"inLanguage\":\"es\",\"potentialAction\":[{\"@type\":\"ReadAction\",\"target\":[\"https:\/\/hotel-dorsay.com\/mentions-legales\/\"]}]},{\"@type\":\"BreadcrumbList\",\"@id\":\"https:\/\/hotel-dorsay.com\/mentions-legales\/#breadcrumb\",\"itemListElement\":[{\"@type\":\"ListItem\",\"position\":1,\"name\":\"Accueil\",\"item\":\"https:\/\/hotel-dorsay.com\/es\/\"},{\"@type\":\"ListItem\",\"position\":2,\"name\":\"Informaci\u00f3n legal\"}]},{\"@type\":\"WebSite\",\"@id\":\"https:\/\/hotel-dorsay.com\/#website\",\"url\":\"https:\/\/hotel-dorsay.com\/\",\"name\":\"H\u00f4tel d&#039;Orsay\",\"description\":\"H\u00f4tel Toulouse Matabiau\",\"publisher\":{\"@id\":\"https:\/\/hotel-dorsay.com\/#organization\"},\"potentialAction\":[{\"@type\":\"SearchAction\",\"target\":{\"@type\":\"EntryPoint\",\"urlTemplate\":\"https:\/\/hotel-dorsay.com\/?s={search_term_string}\"},\"query-input\":{\"@type\":\"PropertyValueSpecification\",\"valueRequired\":true,\"valueName\":\"search_term_string\"}}],\"inLanguage\":\"es\"},{\"@type\":\"Organization\",\"@id\":\"https:\/\/hotel-dorsay.com\/#organization\",\"name\":\"H\u00f4tel d&#039;Orsay\",\"url\":\"https:\/\/hotel-dorsay.com\/\",\"logo\":{\"@type\":\"ImageObject\",\"inLanguage\":\"es\",\"@id\":\"https:\/\/hotel-dorsay.com\/#\/schema\/logo\/image\/\",\"url\":\"https:\/\/hotel-dorsay.com\/wp-content\/uploads\/2025\/03\/cropped-Plan-de-travail-1.png\",\"contentUrl\":\"https:\/\/hotel-dorsay.com\/wp-content\/uploads\/2025\/03\/cropped-Plan-de-travail-1.png\",\"width\":732,\"height\":244,\"caption\":\"H\u00f4tel d&#039;Orsay\"},\"image\":{\"@id\":\"https:\/\/hotel-dorsay.com\/#\/schema\/logo\/image\/\"}}]}<\/script>\n<!-- \/ Yoast SEO plugin. -->","yoast_head_json":{"title":"Informaci\u00f3n legal - Hotel d'Orsay","description":"Convenientemente situado en el centro de Toulouse, a dos pasos de la estaci\u00f3n de Matabiau, el Hotel d'Orsay acoge a sus hu\u00e9spedes desde 1981.","robots":{"index":"noindex","follow":"nofollow"},"og_locale":"es_ES","og_type":"article","og_title":"Informaci\u00f3n legal - Hotel d'Orsay","og_description":"Convenientemente situado en el centro de Toulouse, a dos pasos de la estaci\u00f3n de Matabiau, el Hotel d'Orsay acoge a sus hu\u00e9spedes desde 1981.","og_url":"https:\/\/hotel-dorsay.com\/mentions-legales\/","og_site_name":"H\u00f4tel d&#039;Orsay","article_modified_time":"2025-05-21T15:12:19+00:00","twitter_card":"summary_large_image","twitter_misc":{"Tiempo de lectura":"10 minutos"},"schema":{"@context":"https:\/\/schema.org","@graph":[{"@type":"WebPage","@id":"https:\/\/hotel-dorsay.com\/mentions-legales\/","url":"https:\/\/hotel-dorsay.com\/mentions-legales\/","name":"Informaci\u00f3n legal - Hotel d'Orsay","isPartOf":{"@id":"https:\/\/hotel-dorsay.com\/#website"},"datePublished":"2025-05-21T14:45:30+00:00","dateModified":"2025-05-21T15:12:19+00:00","description":"Convenientemente situado en el centro de Toulouse, a dos pasos de la estaci\u00f3n de Matabiau, el Hotel d'Orsay acoge a sus hu\u00e9spedes desde 1981.","breadcrumb":{"@id":"https:\/\/hotel-dorsay.com\/mentions-legales\/#breadcrumb"},"inLanguage":"es","potentialAction":[{"@type":"ReadAction","target":["https:\/\/hotel-dorsay.com\/mentions-legales\/"]}]},{"@type":"BreadcrumbList","@id":"https:\/\/hotel-dorsay.com\/mentions-legales\/#breadcrumb","itemListElement":[{"@type":"ListItem","position":1,"name":"Accueil","item":"https:\/\/hotel-dorsay.com\/es\/"},{"@type":"ListItem","position":2,"name":"Informaci\u00f3n legal"}]},{"@type":"WebSite","@id":"https:\/\/hotel-dorsay.com\/#website","url":"https:\/\/hotel-dorsay.com\/","name":"H\u00f4tel d&#039;Orsay","description":"H\u00f4tel Toulouse Matabiau","publisher":{"@id":"https:\/\/hotel-dorsay.com\/#organization"},"potentialAction":[{"@type":"SearchAction","target":{"@type":"EntryPoint","urlTemplate":"https:\/\/hotel-dorsay.com\/?s={search_term_string}"},"query-input":{"@type":"PropertyValueSpecification","valueRequired":true,"valueName":"search_term_string"}}],"inLanguage":"es"},{"@type":"Organization","@id":"https:\/\/hotel-dorsay.com\/#organization","name":"H\u00f4tel d&#039;Orsay","url":"https:\/\/hotel-dorsay.com\/","logo":{"@type":"ImageObject","inLanguage":"es","@id":"https:\/\/hotel-dorsay.com\/#\/schema\/logo\/image\/","url":"https:\/\/hotel-dorsay.com\/wp-content\/uploads\/2025\/03\/cropped-Plan-de-travail-1.png","contentUrl":"https:\/\/hotel-dorsay.com\/wp-content\/uploads\/2025\/03\/cropped-Plan-de-travail-1.png","width":732,"height":244,"caption":"H\u00f4tel d&#039;Orsay"},"image":{"@id":"https:\/\/hotel-dorsay.com\/#\/schema\/logo\/image\/"}}]}},"_links":{"self":[{"href":"https:\/\/hotel-dorsay.com\/es\/wp-json\/wp\/v2\/pages\/6524","targetHints":{"allow":["GET"]}}],"collection":[{"href":"https:\/\/hotel-dorsay.com\/es\/wp-json\/wp\/v2\/pages"}],"about":[{"href":"https:\/\/hotel-dorsay.com\/es\/wp-json\/wp\/v2\/types\/page"}],"author":[{"embeddable":true,"href":"https:\/\/hotel-dorsay.com\/es\/wp-json\/wp\/v2\/users\/2"}],"replies":[{"embeddable":true,"href":"https:\/\/hotel-dorsay.com\/es\/wp-json\/wp\/v2\/comments?post=6524"}],"version-history":[{"count":1,"href":"https:\/\/hotel-dorsay.com\/es\/wp-json\/wp\/v2\/pages\/6524\/revisions"}],"predecessor-version":[{"id":6915,"href":"https:\/\/hotel-dorsay.com\/es\/wp-json\/wp\/v2\/pages\/6524\/revisions\/6915"}],"wp:attachment":[{"href":"https:\/\/hotel-dorsay.com\/es\/wp-json\/wp\/v2\/media?parent=6524"}],"curies":[{"name":"wp","href":"https:\/\/api.w.org\/{rel}","templated":true}]}}